{"id":3,"date":"2022-08-13T08:52:48","date_gmt":"2022-08-13T08:52:48","guid":{"rendered":"http:\/\/ayvazotel.com\/?page_id=3"},"modified":"2023-10-17T09:57:59","modified_gmt":"2023-10-17T09:57:59","slug":"gizlilik-politikasi","status":"publish","type":"page","link":"https:\/\/ayvazotel.com\/index.php\/gizlilik-politikasi\/","title":{"rendered":"Gizlilik Politikas\u0131"},"content":{"rendered":"\n<h1 class=\"wp-block-heading\">Gizlilik Politikas\u0131<\/h1>\n\n\n\n<p>Ayvaz Otel, internet sitesini ziyaret eden sizlerin, payla\u015fm\u0131\u015f oldu\u011fu bilgilerin gizlili\u011fini sa\u011flamay\u0131 ilke olarak kabul etmi\u015ftir. Bu nedenle i\u015fbu \u201cGizlilik Politikas\u0131\u201d Ayvaz Otel taraf\u0131ndan i\u015fletilmekte olan\u00a0<a href=\"https:\/\/www.richmondhotels.com.tr\/\" target=\"_blank\" rel=\"noopener\">www.ayvazotel.com<\/a>\u00a0internet sitesinin (\u201cSite\u201d) i\u015fletilmesi s\u0131ras\u0131nda Site kullan\u0131c\u0131lar\u0131\/ziyaret\u00e7ileri (\u201cVeri Sahibi\u201d) taraf\u0131ndan \u015eirket ile payla\u015f\u0131lan veya \u015eirket\u2019in, Veri Sahibi\u2019nin Site\u2019yi kullan\u0131m\u0131 s\u0131ras\u0131nda \u00fcretti\u011fi ki\u015fisel verilerin kullan\u0131m\u0131na ili\u015fkin ko\u015ful ve \u015fartlar\u0131 a\u00e7\u0131klayarak sizi bilgilendirmek amac\u0131 ile olu\u015fturulmu\u015ftur. Ayvaz Otel taraf\u0131ndan sunulan hizmet k\u0131saca \u201cHizmet\u201d olarak an\u0131lacakt\u0131r.<\/p>\n\n\n\n<p><strong>K\u0130\u015e\u0130SEL VER\u0130 VE VER\u0130 \u0130\u015eLEME NED\u0130R?<br><\/strong><\/p>\n\n\n\n<p>&nbsp;\u201cGizlilik Politikas\u0131\u201d \u00e7er\u00e7evesinde, kimli\u011finize ait ki\u015fisel bilgiler (ad, soyad\u0131, TC kimlik numaras\u0131 vb.) ba\u015fta olmak \u00fczere adres ve telefon bilgileri, meslek bilgisi, IP adresi, banka hesap bilgileri gibi sizinle ili\u015fkilendirilebilir nitelikteki her t\u00fcrl\u00fc bilgiyi&nbsp;<strong>(\u201cKi\u015fisel Veri\u201d)<\/strong>&nbsp;ve bunun bir \u00f6zel t\u00fcr\u00fc olan \u00d6zel Nitelikli Ki\u015fisel Veri ise \u0131rk, etnik k\u00f6ken, siyasi d\u00fc\u015f\u00fcnce, felsefi inan\u00e7, din, mezhep veya di\u011fer inan\u00e7lar, k\u0131l\u0131k ve k\u0131yafet, dernek, vak\u0131f ya da sendika \u00fcyeli\u011fi, sa\u011fl\u0131k, cinsel hayat, ceza mahk\u00fbmiyeti ve g\u00fcvenlik tedbirleriyle ilgili verileriniz ile biyometrik ve genetik verileriniz gibi hassas nitelikli ki\u015fisel verileri&nbsp;<strong>(\u201c\u00d6zel Nitelikli Ki\u015fisel Veri\u201d)<\/strong>&nbsp;ifade eder ve i\u015fbu \u201cGizlilik Politikas\u0131\u201dn\u0131n konusunu olu\u015fturur.<\/p>\n\n\n\n<p><strong>G\u0130ZL\u0130L\u0130K POL\u0130T\u0130KASININ KAPSAMI<br><\/strong><\/p>\n\n\n\n<p>Sunulan hizmetin bir par\u00e7as\u0131 olarak Ayvaz Otel, hizmet alan sizlere ili\u015fkin ki\u015fisel bilgileri i\u015fbu \u201cGizlilik Politikas\u0131\u201d kapsam\u0131nda toplayabilir, muhafaza edebilir ve\/veya aktarabilir. Bu t\u00fcr ki\u015fisel veri i\u015fleme faaliyetleri, 6698 say\u0131l\u0131 Ki\u015fisel Verilerin Korunmas\u0131 Kanunu (\u201cKVKK\u201d) \u2018na uygun olarak y\u00fcr\u00fct\u00fcl\u00fcr.<\/p>\n\n\n\n<p>Sitemiz, \u00fc\u00e7\u00fcnc\u00fc taraf web sitelerine giden ba\u011flant\u0131lar i\u00e7ermekte olup verileriniz \u00fc\u00e7\u00fcnc\u00fc ki\u015filere aktar\u0131labilir. Bu \u201cGizlilik Politikas\u0131\u201d, bilgi aktar\u0131m\u0131 yap\u0131lan \u00fc\u00e7\u00fcnc\u00fc taraflar\u0131n gizlilik uygulamalar\u0131n\u0131 yans\u0131tmamaktad\u0131r ve onlar\u0131n gizlilik politikalar\u0131ndan ve\/ veya ki\u015fisel verileri i\u015fleme faaliyetlerinden Ayvaz Otel sorumlu de\u011fildir. \u0130\u015fbu \u201cGizlilik Politikas\u0131\u201d Ayvaz Otel&#8217;in kendi kontrol\u00fc d\u0131\u015f\u0131ndaki uygulamalar, \u00fc\u00e7\u00fcnc\u00fc taraflara ait web siteleri ve\/veya platformlar taraf\u0131ndan toplan\u0131lan bilgiler, \u00fc\u00e7\u00fcnc\u00fc taraflarca www.ayvazotel.com web sitesindeki ba\u011flant\u0131lar \u00fczerinden toplanan bilgiler veya Ayvaz Otel&#8217;in sponsor oldu\u011fu ve\/veya kat\u0131ld\u0131\u011f\u0131 \u00fc\u00e7\u00fcnc\u00fc taraf web siteleri \u00fczerindeki ba\u015fl\u0131klar, kampanyalar ve di\u011fer reklam veya tan\u0131t\u0131mlar\u0131 kapsamamaktad\u0131r. \u00dc\u00e7\u00fcnc\u00fc taraflar\u0131n kendi web siteleri yoluyla toplad\u0131\u011f\u0131, saklad\u0131\u011f\u0131 ve kulland\u0131\u011f\u0131 ki\u015fisel verilere y\u00f6nelik yap\u0131lan i\u015flemlerden Ayvaz Otel sorumlu olmay\u0131p bu sitelerde ki\u015fisel bilgi vermeniz ve\/veya bu siteleri kullanman\u0131z \/ ziyaret etmeniz halinde o sitelerdeki gizlilik politikas\u0131 ve hizmet kullan\u0131m \u015fartlar\u0131 ge\u00e7erlidir.<\/p>\n\n\n\n<p><strong>HANG\u0130 K\u0130\u015e\u0130SEL VER\u0130LER\u0130N\u0130Z \u0130\u015eLENMEKTED\u0130R?<br><\/strong><\/p>\n\n\n\n<p>\u0130\u015fbu ba\u015fl\u0131k alt\u0131nda, \u015eirket taraf\u0131ndan, Site\u2019de verilen Hizmetler kapsam\u0131nda baz\u0131 ki\u015fisel bilgileriniz i\u015flenmektedir. Bu ki\u015fisel bilgiler \u015funlar\u0131 i\u00e7erebilir: Kimlik bilgileriniz, ileti\u015fim bilgileriniz, kullan\u0131c\u0131 \/m\u00fc\u015fteri i\u015flem bilgileriniz (rezervasyonunuzla do\u011frudan ilgili gerekli bilgiler, Otel\u2019de konaklaman\u0131z ve ziyaretiniz ile ilgili bilgiler, \u00dcr\u00fcn veya hizmet sat\u0131n alman\u0131zla ilgili bilgiler,vb), \u00f6deme bilgileriniz, sizinle birlikte konaklama yapan ki\u015filerin bilgileri, pazarlama ve ileti\u015fim tercihlerinize ili\u015fkin kay\u0131tlar, IP adresiniz, sitemizde g\u00f6r\u00fcnt\u00fcledi\u011finiz sayfalar, sitemizi mobil cihaz\u0131n\u0131z ile ziyaret etmeniz halinde mobil cihaz\u0131n\u0131z\u0131 tan\u0131tan veriler ve bize vermeyi a\u00e7\u0131k\u00e7a tercih etti\u011finiz ve onaylad\u0131\u011f\u0131n\u0131z veya \u00fc\u00e7\u00fcnc\u00fc ki\u015filerden bu a\u00e7\u0131k onay\u0131n\u0131z ile elde edebilece\u011fimiz di\u011fer her t\u00fcr bilgi taraf\u0131m\u0131zdan toplanabilir, i\u015flenebilir ve bu bilgiler kaydedilebilir.&nbsp;<\/p>\n\n\n\n<p>Ayr\u0131ca Site\u2019de kullan\u0131c\u0131 deneyimini geli\u015ftirmek, internet sitesinin verimli \u00e7al\u0131\u015fmas\u0131n\u0131 sa\u011flamak ve istatistiki verileri takip etmek amac\u0131yla \u00e7erezler kullan\u0131lmaktad\u0131r. Yukar\u0131da an\u0131lan ki\u015fisel verilerden baz\u0131lar\u0131 \u00e7erezler kullan\u0131larak elde edilebilir ve kullan\u0131c\u0131lar, Site\u2019yi kullanarak bu \u00e7erezlerin kullan\u0131lmas\u0131n\u0131 kabul etmi\u015f say\u0131l\u0131rlar. \u00c7erezlerin i\u015flevi, hangi t\u00fcr \u00e7erezlerin kullan\u0131ld\u0131\u011f\u0131,kullan\u0131m amac\u0131 ve \u00fc\u00e7\u00fcnc\u00fc ki\u015filere yap\u0131lacak olan veri aktar\u0131mlar\u0131na ili\u015fkin detayl\u0131 bilgi almak ve \u00e7erez tercihlerinizi de\u011fi\u015ftirmek i\u00e7in\u00a0<a href=\"https:\/\/www.ayvazotel.com\/cerez-politikasi\/\">Ayvaz Otel \u00c7erez Politikas\u0131<\/a>&#8216;n\u0131\u00a0 inceleyebilirsiniz.<\/p>\n\n\n\n<p>Geri d\u00f6nd\u00fcr\u00fclemeyecek \u015fekilde anonim hale getirilen veriler ise, KVKK uyar\u0131nca ki\u015fisel veri olarak kabul edilmeyip bu verilere ili\u015fkin i\u015fleme faaliyetleri i\u015fbu Gizlilik Politikas\u0131 h\u00fck\u00fcmleri ile ba\u011fl\u0131 olmaks\u0131z\u0131n ger\u00e7ekle\u015ftirilir.&nbsp;<\/p>\n\n\n\n<p><strong>K\u0130\u015e\u0130SEL VER\u0130LER\u0130N\u0130Z HANG\u0130 AMA\u00c7LA \u0130\u015eLENMEKTED\u0130R?<br><\/strong><\/p>\n\n\n\n<p>Ki\u015fisel bilgileriniz, Ayvaz Otel\u2019den talep etti\u011finiz hizmetin taraf\u0131n\u0131za en iyi \u015fekilde sa\u011flanmas\u0131, size sunulan \u00fcr\u00fcn ve hizmetler ile talep ve beklentilerinizin ger\u00e7ekle\u015ftirilmesi, m\u00fc\u015fterilerimize arzu edilen d\u00fczeyde konukseverlik ve ki\u015fisel deneyim sunulabilmesi, \u00fcr\u00fcn ve hizmetlerimizden m\u00fc\u015fterilerimizi faydaland\u0131rmak i\u00e7in gerekli planlama, de\u011ferlendirme ve \u00e7al\u0131\u015fmalar\u0131n i\u015f birimlerimiz taraf\u0131ndan yap\u0131lmas\u0131; otelcilik ve konaklama hizmetlerimize ili\u015fkin yaz\u0131\u015fma, bildirim ve rezervasyon onaylar\u0131n\u0131n sa\u011flanmas\u0131; \u00fcr\u00fcn ve hizmetlerin ilgili ki\u015filerin be\u011feni, kullan\u0131m al\u0131\u015fkanl\u0131klar\u0131 ve ihtiya\u00e7lar\u0131na g\u00f6re \u00f6zelle\u015ftirilerek sunulmas\u0131; ilgili ki\u015filerden gelen talep, \u00f6neri ve \u015fikayetlerin takibi, de\u011ferlendirilmesi, m\u00fc\u015fteri memnuniyeti y\u00f6netimi ve bu kapsamda planlama, istatistik ve memnuniyet de\u011ferlendirme \u00e7al\u0131\u015fmalar\u0131n\u0131n uygulanmas\u0131; ticari, hukuki ve i\u015f stratejilerinin belirlenmesi ve uygulanmas\u0131, \u015eirket&#8217;in ve \u015eirket&#8217;le i\u015f ili\u015fkisi i\u00e7erisinde olan ilgili ki\u015filerin hukuki, teknik ve ticari-i\u015f g\u00fcvenli\u011finin temini, i\u015f ve ticari ili\u015fkilerin y\u00fcr\u00fct\u00fclmesi ama\u00e7lar\u0131yla i\u015flenebilmektedir.<\/p>\n\n\n\n<p>Ki\u015fisel bilgileriniz, ayr\u0131ca daha iyi ve g\u00fcvenilir \u00fcr\u00fcn ve hizmet verebilmek ve s\u00fcrd\u00fcr\u00fclebilirli\u011fi sa\u011flamak i\u00e7in kalite de\u011ferlendirme ve iyile\u015ftirme \u00e7al\u0131\u015fmalar\u0131n\u0131n yap\u0131lmas\u0131 ve \u00fc\u00e7\u00fcnc\u00fc ki\u015filerin hizmet sa\u011flay\u0131c\u0131 olarak teknik, lojistik ve benzeri di\u011fer i\u015flevlerini bizim ad\u0131m\u0131za yerine getirmelerini sa\u011flanmas\u0131 gibi ama\u00e7larla da i\u015flenebilmektedir.<\/p>\n\n\n\n<p>Ayr\u0131ca ki\u015fisel bilgileriniz, a\u00e7\u0131k r\u0131zan\u0131z olmas\u0131 ko\u015fuluyla \u00fcr\u00fcn ve hizmetlerimize y\u00f6nelik reklam ve pazarlama faaliyetlerinin y\u00fcr\u00fct\u00fclerek tan\u0131t\u0131m, promosyon, kampanya, teklif, b\u00fclten, etkinlik ve benzeri konularda bilgilendirme yap\u0131lmas\u0131 ve di\u011fer pazarlama ileti\u015fimleri i\u00e7in de kullan\u0131labilir.<\/p>\n\n\n\n<p>Yukar\u0131daki ama\u00e7lar do\u011frultusunda toplad\u0131\u011f\u0131m\u0131z ki\u015fisel verilerinizi a\u015fa\u011f\u0131da belirtilen hukuki sebeplerden bir veya birka\u00e7\u0131na dayanarak i\u015flemekteyiz:<\/p>\n\n\n\n<p>-A\u00e7\u0131k r\u0131zan\u0131z\u0131n bulunmas\u0131,<br>-T\u00fcrkiye Cumhuriyeti\u2019nde y\u00fcr\u00fcrl\u00fckte olan kanun ve y\u00f6netmelik h\u00fck\u00fcmlerinin i\u015flemeyi gerekli k\u0131lmas\u0131,<br>-Fiili imk\u00e2ns\u0131zl\u0131k nedeniyle r\u0131zan\u0131z\u0131 a\u00e7\u0131klayamayacak durumdayken \u015fahs\u0131n\u0131z\u0131n veya bir ba\u015fkas\u0131n\u0131n ya\u015fam\u0131 veya v\u00fccut b\u00fct\u00fcnl\u00fc\u011f\u00fcn\u00fcn korunmas\u0131 i\u00e7in zorunlu olmas\u0131,<br>-Taraf\u0131n\u0131z veya firman\u0131zla akdetmi\u015f oldu\u011fumuz s\u00f6zle\u015fmenin ifas\u0131 i\u00e7in gerekli olmas\u0131,<br>-Yasal y\u00fck\u00fcml\u00fcl\u00fcklerimizin yerine getirilmesi amac\u0131yla ki\u015fisel verilerinizin i\u015flenmesinin gerekli olmas\u0131,<br>-Ki\u015fisel verinizin taraf\u0131n\u0131zca alenile\u015ftirilmi\u015f olmas\u0131,<br>-\u015eirket olarak yasal veya s\u00f6zle\u015fmesel haklar\u0131m\u0131z\u0131n kullan\u0131lmas\u0131 veya korunmas\u0131 i\u00e7in gerekli olmas\u0131,<br>-Temel hak ve \u00f6zg\u00fcrl\u00fcklerinize zarar vermemek kayd\u0131yla ki\u015fisel verilerinizin i\u015flenmesinin me\u015fru menfaatimiz i\u00e7in gerekli olmas\u0131.<\/p>\n\n\n\n<p>\u0130\u015fledi\u011fimiz t\u00fcm ki\u015fisel verilerinizi, KVKK ve di\u011fer mevzuatta zorunlu k\u0131l\u0131nan s\u00fcrelere uygun \u015fekilde ve her hal\u00fck\u00e2rda yukar\u0131daki me\u015fru ama\u00e7lar ortadan kalkmad\u0131\u011f\u0131 m\u00fcddet\u00e7e gerekli t\u00fcm idari ve teknik tedbirleri almak suretiyle muhafaza etmekteyiz.<\/p>\n\n\n\n<p><strong>K\u0130\u015e\u0130SEL VER\u0130LER\u0130N\u0130Z K\u0130MLERLE PAYLA\u015eILMAKTADIR?<br><\/strong><\/p>\n\n\n\n<p>\u015eirket, Veri Sahibi\u2019ne ait ki\u015fisel verileri i\u015fbu Gizlilik Politikas\u0131 ile belirlenen ama\u00e7lar\u0131n ger\u00e7ekle\u015ftirilebilmesi i\u00e7in \u015eirket\u2019imize hizmet sunan yurti\u00e7i ve yurtd\u0131\u015f\u0131nda bulunan \u00fc\u00e7\u00fcnc\u00fc ki\u015filere, s\u00f6z konusu hizmetlerin temini amac\u0131yla s\u0131n\u0131rl\u0131 olmak \u00fczere aktar\u0131labilecektir.<\/p>\n\n\n\n<p>\u015eirket,ki\u015fisel verilerinizi Veri Sahibi deneyiminin geli\u015ftirilmesi (iyile\u015ftirme ve ki\u015fiselle\u015ftirme d\u00e2hil), Veri Sahibi\u2019nin g\u00fcvenli\u011fini sa\u011flamak, hileli ya da izinsiz kullan\u0131mlar\u0131 tespit etmek, operasyonel de\u011ferlendirme yapmak, Site hizmetlerine ili\u015fkin hatalar\u0131 gidermek ve i\u015fbu Gizlilik Politikas\u0131\u2019nda yer alan ama\u00e7lardan herhangi birisini ger\u00e7ekle\u015ftirebilmek i\u00e7in SMS, eposta, b\u00fclten g\u00f6nderimi yapanlar da dahil olmak \u00fczere d\u0131\u015f kaynak hizmet sa\u011flay\u0131c\u0131lar\u0131,hukuk b\u00fcrolar\u0131, yetkili kurum ve kurulu\u015flar, ara\u015ft\u0131rma \u015firketleri, depolama, ar\u015fivleme, bili\u015fim teknolojileri deste\u011fi (sunucu, hosting, yaz\u0131l\u0131m, bulut bili\u015fim vb.) alanlar\u0131nda destek ald\u0131\u011f\u0131m\u0131z hizmet sa\u011flay\u0131c\u0131lar\u0131 ve dan\u0131\u015fmanl\u0131k firmalar\u0131 gibi \u00fc\u00e7\u00fcnc\u00fc ki\u015filer ile payla\u015fabilir.&nbsp;<\/p>\n\n\n\n<p>Ayr\u0131ca, \u0130\u015fbu \u201cGizlilik Politikas\u0131\u201dnda belirtilen ve Ayvaz Otel taraf\u0131ndan elde edilen ki\u015fisel verilerin \u00a0bir k\u0131sm\u0131, reklamlar\u0131n hedef kitleye uyarlanabilmesini sa\u011flamak amac\u0131yla, yaln\u0131zca di\u011fer kullan\u0131c\u0131lara ait bilgilerle birlikte toplu olmak \u00fczere reklam verenlerle payla\u015f\u0131labilir. Bu kapsamda herhangi bir \u015fekilde ki\u015fisel bilgi verilmez, sadece grup olarak kullan\u0131c\u0131 e\u011filimleri ile ilgili bir tak\u0131m analizler yapmak, bilgileri anonimle\u015ftirerek istatistiksel \u00e7al\u0131\u015fmalar ger\u00e7ekle\u015ftirmek ve segmentasyon amac\u0131yla kullan\u0131l\u0131r.<\/p>\n\n\n\n<p>Ayvaz Otel, a\u015fa\u011f\u0131daki sebeplerden herhangi birisi dolay\u0131s\u0131yla da Ki\u015fisel Veri\u2019lerinizi if\u015fa edebilir: (i) yasal gereklilikler do\u011frultusunda; (ii) idari ve adli i\u015flemlere ve idari ya da yarg\u0131 mercilerinin \u00a0taleplerine uymak amac\u0131yla; (iii) Hizmet \u015eartlar\u0131n\u0131 y\u00fcr\u00fctmek amac\u0131yla; (iv) faaliyetlerini korumak amac\u0131yla; (v) Ayvaz Otel&#8217;in, sizin ya da \u00fc\u00e7\u00fcnc\u00fc ki\u015filerin haklar\u0131n\u0131, gizlili\u011fini, g\u00fcvenli\u011fini ya da mallar\u0131n\u0131 korumak ad\u0131na makul tedbirleri ger\u00e7ekle\u015ftirmek ya da kar\u015f\u0131la\u015f\u0131labilecek zararlar\u0131 s\u0131n\u0131rlamay\u0131 m\u00fcmk\u00fcn k\u0131lmak amac\u0131yla.<\/p>\n\n\n\n<p>Kullan\u0131c\u0131lar\u2019\u0131n Site\u2019de payla\u015ft\u0131klar\u0131 t\u00fcm bilgilere sadece kendileri ula\u015fabilmekte ve bu bilgileri sadece kendileri de\u011fi\u015ftirebilmektedir. Ayvaz Otel d\u0131\u015f\u0131nda herhangi bir \u00fc\u00e7\u00fcnc\u00fc ki\u015finin, sizin onay\u0131n\u0131z bulunmaks\u0131z\u0131n bu bilgilere ula\u015fmas\u0131 ve bunlar\u0131 de\u011fi\u015ftirmesi m\u00fcmk\u00fcn de\u011fildir.<\/p>\n\n\n\n<p>Site\u2019de bir i\u015flem yapt\u0131\u011f\u0131n\u0131zda size ait mali bilgilerin, i\u015fleminizi ger\u00e7ekle\u015ftirmek i\u00e7in zorunlu olarak gerekli \u00fc\u00e7\u00fcnc\u00fc ki\u015filere (bankalar, kredi kart\u0131 \u015firketleri vb.) verilmesini kabul etmektesiniz. Payla\u015f\u0131lacak bilgiler kredi kart\u0131 numaras\u0131, son kullanma tarihi, CVV2 de dahil gerekli t\u00fcm mali bilgileri i\u00e7erir. Bu t\u00fcr bilgiler Ayvaz Otel nezdinde i\u015flenmez, saklanmaz. Ancak s\u00f6z konusu i\u015flem ile ilgili olarak kredi kart\u0131 ve\/veya banka hesap bilgilerini i\u00e7ermeksizin mevcut \u00f6zet i\u015flem bilgisi Ayvaz Otel taraf\u0131ndan i\u015flenebilir.<\/p>\n\n\n\n<p><strong>VER\u0130 SAH\u0130B\u0130 OLARAK HAKLARINIZ NELERD\u0130R?<\/strong><\/p>\n\n\n\n<p>\u015eirket b\u00fcnyesinde i\u015flenmekte olan verilerinize ili\u015fkin olarak a\u015fa\u011f\u0131da say\u0131lan haklar\u0131n\u0131z\u0131n bulundu\u011funu belirtmek isteriz:<\/p>\n\n\n\n<p>(1) Ki\u015fisel verilerinizin i\u015flenip i\u015flenmedi\u011fini \u00f6\u011frenme,<br>(2) Ki\u015fisel verileriniz i\u015fleniyorsa bunlara ili\u015fkin bilgi edinme,<br>(3) Ki\u015fisel verilerinizin i\u015flenme amac\u0131n\u0131n ne oldu\u011fu ve ki\u015fisel verilerinizin amac\u0131na uygun olarak kullan\u0131l\u0131p kullan\u0131lmad\u0131\u011f\u0131n\u0131 \u00f6\u011frenme,<br>(4) Varsa yurti\u00e7inde veya yurtd\u0131\u015f\u0131nda verilerin aktar\u0131ld\u0131\u011f\u0131 \u00fc\u00e7\u00fcnc\u00fc ki\u015filerin kimler oldu\u011funu ve hangi verilerin aktar\u0131ld\u0131\u011f\u0131n\u0131 \u00f6\u011frenme,<br>(5) \u0130\u015flenen ki\u015fisel verilerin eksik veya yanl\u0131\u015f olmas\u0131 halinde bunlar\u0131n d\u00fczeltilmesini isteme,<br>(6) Ki\u015fisel verilerinizin d\u00fczeltilmesi, silinmesi ya da yok edilmesi halinde bu i\u015flemlerin ki\u015fisel verilerinizin aktar\u0131ld\u0131\u011f\u0131 \u00fc\u00e7\u00fcnc\u00fc ki\u015filere bildirilmesini isteme,<br>(7) Ki\u015fisel verilerinizin i\u015flenmesini gerektiren sebeplerin ortadan kalkmas\u0131 veya ki\u015fisel verilerinizin g\u00fcncelli\u011fini kaybetmesi halinde, i\u015flenmi\u015f olunan ki\u015fisel verilerinizin silinmesini veya yok edilmesini isteme,<br>(8) \u0130\u015flenen ki\u015fisel verilerinizin m\u00fcnhas\u0131ran otomatik sistemler vas\u0131tas\u0131yla analiz edilmesi suretiyle aleyhinize bir sonucun ortaya \u00e7\u0131kmas\u0131na itiraz etme,<br>(9) Ki\u015fisel verilerinizin kanuna ayk\u0131r\u0131 olarak i\u015flenmesi sebebiyle zarara u\u011framan\u0131z halinde zarar\u0131n giderilmesini talep etme haklar\u0131na sahipsiniz.<\/p>\n\n\n\n<p>Yukar\u0131da yer alan taleplerinize ili\u015fkin ba\u015fvuru i\u015flemleri i\u00e7in\u00a0<a href=\"https:\/\/www.ayvazotel.com\/kisisel-verilerin-korunmasi\/\">Ki\u015fisel Verilerin Korunmas\u0131na \u0130li\u015fkin Ayd\u0131nlatma Metni<\/a><strong>&#8216;<\/strong>ni inceleyebilir ve taleplerinizi,\u00a0<a href=\"https:\/\/www.richmondhotels.com.tr\/Sites\/1\/upload\/files\/KVKK_Kapsaminda_Basvuru_Formu.pdf\" target=\"_blank\" rel=\"noreferrer noopener\">KVKK Kapsam\u0131nda Ba\u015fvuru Formu<\/a>\u2019nu doldurup yaz\u0131l\u0131 olarak veya kay\u0131tl\u0131 elektronik posta adresi, g\u00fcvenli elektronik imza, mobil imza veya taraf\u0131m\u0131za daha \u00f6nce bildirdi\u011finiz ve sistemimizde kay\u0131tl\u0131 olan elektronik posta adresiniz vas\u0131tas\u0131yla iletebilirsiniz.<\/p>\n\n\n\n<p>Talepleriniz, talebin niteli\u011fine g\u00f6re en k\u0131sa s\u00fcrede ve en ge\u00e7 otuz g\u00fcn i\u00e7erisinde \u00fccretsiz olarak de\u011ferlendirilerek sonu\u00e7land\u0131racakt\u0131r.<\/p>\n\n\n\n<p>\u015eirket\u2019e y\u00f6neltilen talepleri kabul edebilir veya gerek\u00e7esini a\u00e7\u0131klamak suretiyle reddedebilir ve bu cevab\u0131 yaz\u0131l\u0131 olarak veya elektronik ortamda talepte bulunan ki\u015fiye iletebiliriz. Talebin kabul edilmesi halinde, \u015eirket olarak talebin gere\u011fini derhal yerine getirmekle y\u00fck\u00fcml\u00fcy\u00fcz. Y\u00f6neltmi\u015f oldu\u011funuz taleplerin \u015eirket taraf\u0131ndan reddedilmesi, \u015eirket taraf\u0131ndan verilen cevaptan memnun kalmaman\u0131z veya cevap verilmemesi halinde, cevab\u0131n taraf\u0131n\u0131za bildirildi\u011fi tarihten itibaren 30 g\u00fcn ve cevap verilmemesi halinde 30 g\u00fcnl\u00fck s\u00fcrenin sonundan itibaren 30 g\u00fcn i\u00e7erisinde Ki\u015fisel Verileri Koruma Kurulu\u2019na \u015fik\u00e2yette bulunabilirsiniz.<\/p>\n\n\n\n<p>Bunun d\u0131\u015f\u0131nda Ayvaz Otel taraf\u0131ndan sunulan Hizmet\u2019e ili\u015fkin herhangi bir ticari elektronik ileti almak istememeniz halinde de buna ili\u015fkin ret hakk\u0131n\u0131z\u0131 da\u00a0<a href=\"mailto:info@ayvazotel.com\">info@ayvazotel.com<\/a>\u00a0adresine yapaca\u011f\u0131n\u0131z bildirim ile \u00fccretsiz olarak kullanabilirsiniz.<\/p>\n\n\n\n<p><strong>K\u0130\u015e\u0130SEL VER\u0130LER\u0130N\u0130Z NE KADAR S\u00dcRE \u0130LE SAKLANIR?<br><\/strong><\/p>\n\n\n\n<p>Ayvaz Otel, ilgili mevzuat icab\u0131 daha uzun bir saklama s\u00fcresinin gerekli k\u0131l\u0131nmad\u0131\u011f\u0131 ya da buna izin verilmedi\u011fi takdirde, Ki\u015fisel Veri\u2019lerinizi, i\u015fbu \u201cGizlilik Politikas\u0131\u2019nda belirtilen i\u015fleme ama\u00e7lar\u0131n\u0131n gerektirdi\u011fi s\u00fcre boyunca saklayacakt\u0131r.<\/p>\n\n\n\n<p>Buna ek olarak, \u015eirket, Veri Sahibi ile aras\u0131nda do\u011fabilecek herhangi bir uyu\u015fmazl\u0131k durumunda, uyu\u015fmazl\u0131k kapsam\u0131nda gerekli savunmalar\u0131n ger\u00e7ekle\u015ftirilebilmesi amac\u0131yla s\u0131n\u0131rl\u0131 olmak \u00fczere ve ilgili mevzuat uyar\u0131nca belirlenen zamana\u015f\u0131m\u0131 s\u00fcreleri boyunca ki\u015fisel verileri saklayabilecektir.&nbsp;<\/p>\n\n\n\n<p><strong>VER\u0130 G\u00dcVENL\u0130\u011e\u0130N\u0130N SA\u011eLANMASI<br><\/strong><\/p>\n\n\n\n<p>Ayvaz Otel, ki\u015fisel bilgileri kesinlikle gizli tutmay\u0131, bunu bir s\u0131r saklama y\u00fck\u00fcm\u00fc olarak addetmeyi ve ki\u015fisel verilerin gizlili\u011fi, g\u00fcvenli\u011fi ve b\u00fct\u00fcnl\u00fc\u011f\u00fcn\u00fc korumak i\u00e7in gerekli ve makul korumalar\u0131 sa\u011flamak, s\u00f6z konusu verilerin herhangi bir kayba, suiistimale, hukuka ayk\u0131r\u0131 kullan\u0131ma ya da de\u011fi\u015fikli\u011fe u\u011framamas\u0131 ve ki\u015fisel bilginin tamam\u0131n\u0131n veya herhangi bir k\u0131sm\u0131n\u0131n, yasal y\u00fck\u00fcml\u00fcl\u00fckleri sakl\u0131 kalmak kayd\u0131yla, kamu alan\u0131na girmesini veya yetkisiz kullan\u0131m\u0131n\u0131 veya \u00fc\u00e7\u00fcnc\u00fc bir ki\u015fiye if\u015fas\u0131n\u0131 \u00f6nlemek i\u00e7in gerekli t\u00fcm tedbirleri almay\u0131 ve gerekli \u00f6zeni g\u00f6stermeyi taahh\u00fct etmektedir.<\/p>\n\n\n\n<p>Site \u00fczerinden ba\u015fka uygulamalara ba\u011flant\u0131 verilmesi halinde, \u015eirket uygulamalar\u0131n gizlilik politikalar\u0131 ve i\u00e7eriklerine y\u00f6nelik herhangi bir sorumluluk ta\u015f\u0131mamaktad\u0131r.<\/p>\n\n\n\n<p><strong>POL\u0130T\u0130KA G\u00dcNCELLENMES\u0130<br><\/strong><\/p>\n\n\n\n<p>Ayvaz Otel, gizlilik ve veri koruma prensiplerini g\u00fcncel tutmak ve ilgili mevzuata uygun hale getirmek i\u00e7in i\u015fbu Gizlilik Politikas\u0131\u2019n\u0131n i\u00e7eri\u011fini diledi\u011fi zaman de\u011fi\u015ftirebilir. De\u011fi\u015fen Gizlilik Politikas\u0131 Ayvaz Otel web sitesinde ilan edilecektir. Bu nedenle Gizlilik Politikas\u0131\u2019n\u0131 periyodik olarak g\u00f6zden ge\u00e7irmenizi \u00f6neririz. Ayvaz Otel&#8217;in de\u011fi\u015fiklik yapt\u0131\u011f\u0131 Gizlilik Politikas\u0131 h\u00fck\u00fcmleri Site\u2019de yay\u0131nland\u0131\u011f\u0131 tarihte y\u00fcr\u00fcrl\u00fck kazan\u0131r. Site\u2019nin de\u011fi\u015fiklik yap\u0131ld\u0131ktan sonra da kullan\u0131lmaya devam edilmesi, de\u011fi\u015fikliklerin taraf\u0131n\u0131zdan kabul edilmi\u015f oldu\u011fu anlam\u0131na gelecektir.<\/p>\n\n\n\n<p><strong>B\u0130ZE ULA\u015eIN<br><\/strong><\/p>\n\n\n\n<p>\u0130\u015fbu Politika\u2019n\u0131n yorumlanmas\u0131 veya uygulanmas\u0131 ile ilgili sorular\u0131n\u0131z\u0131, \u00e7ekincelerinizi veya \u015fikayetlerinizi a\u015fa\u011f\u0131da yer alan ileti\u015fim adreslerine iletebilirsiniz.<\/p>\n\n\n\n<p><strong>\u0130leti\u015fim bilgileri:<\/strong><\/p>\n\n\n\n<p><strong>E-mail:\u00a0<a href=\"mailto:info@ayvazotel.com\">info@ayvazotel.com<\/a><\/strong><br><strong>Adres :\u00a0<\/strong>Fevzi \u00c7akmak Mah, Ayranc\u0131lar, \u0130zmir Ayd\u0131n Cd. No:12, 35860 Torbal\u0131\/\u0130zmir<\/p>\n\n\n\n<p><strong>Ge\u00e7erlilik Tarihi:<\/strong><br><strong>Son G\u00fcncelleme Tarihi:<\/strong>\u00a017.10.2023<\/p>\n\n\n\n<p><a href=\"http:\/\/www.globalwellnessday.org\/\" target=\"_blank\" rel=\"noreferrer noopener\"><\/a><\/p>\n","protected":false},"excerpt":{"rendered":"<p>Gizlilik Politikas\u0131 Ayvaz Otel, internet sitesini ziyaret eden sizlerin, payla\u015fm\u0131\u015f oldu\u011fu bilgilerin gizlili\u011fini sa\u011flamay\u0131 ilke olarak kabul etmi\u015ftir. Bu nedenle i\u015fbu \u201cGizlilik Politikas\u0131\u201d Ayvaz Otel taraf\u0131ndan i\u015fletilmekte olan\u00a0www.ayvazotel.com\u00a0internet sitesinin (\u201cSite\u201d) i\u015fletilmesi s\u0131ras\u0131nda Site kullan\u0131c\u0131lar\u0131\/ziyaret\u00e7ileri (\u201cVeri Sahibi\u201d) taraf\u0131ndan \u015eirket ile payla\u015f\u0131lan veya \u015eirket\u2019in, Veri Sahibi\u2019nin Site\u2019yi kullan\u0131m\u0131 s\u0131ras\u0131nda \u00fcretti\u011fi ki\u015fisel verilerin kullan\u0131m\u0131na ili\u015fkin ko\u015ful ve \u015fartlar\u0131&#8230;<\/p>\n","protected":false},"author":1,"featured_media":0,"parent":0,"menu_order":0,"comment_status":"closed","ping_status":"closed","template":"","meta":{"_kad_blocks_custom_css":"","_kad_blocks_head_custom_js":"","_kad_blocks_body_custom_js":"","_kad_blocks_footer_custom_js":"","_kadence_starter_templates_imported_post":false,"_kad_post_transparent":"","_kad_post_title":"","_kad_post_layout":"","_kad_post_sidebar_id":"","_kad_post_content_style":"","_kad_post_vertical_padding":"","_kad_post_feature":"","_kad_post_feature_position":"","_kad_post_header":false,"_kad_post_footer":false,"_kad_post_classname":"","footnotes":""},"class_list":["post-3","page","type-page","status-publish","hentry"],"taxonomy_info":[],"featured_image_src_large":false,"author_info":{"display_name":"Kara","author_link":"https:\/\/ayvazotel.com\/author\/kara\/"},"comment_info":0,"_links":{"self":[{"href":"https:\/\/ayvazotel.com\/index.php\/wp-json\/wp\/v2\/pages\/3","targetHints":{"allow":["GET"]}}],"collection":[{"href":"https:\/\/ayvazotel.com\/index.php\/wp-json\/wp\/v2\/pages"}],"about":[{"href":"https:\/\/ayvazotel.com\/index.php\/wp-json\/wp\/v2\/types\/page"}],"author":[{"embeddable":true,"href":"https:\/\/ayvazotel.com\/index.php\/wp-json\/wp\/v2\/users\/1"}],"replies":[{"embeddable":true,"href":"https:\/\/ayvazotel.com\/index.php\/wp-json\/wp\/v2\/comments?post=3"}],"version-history":[{"count":1,"href":"https:\/\/ayvazotel.com\/index.php\/wp-json\/wp\/v2\/pages\/3\/revisions"}],"predecessor-version":[{"id":2352,"href":"https:\/\/ayvazotel.com\/index.php\/wp-json\/wp\/v2\/pages\/3\/revisions\/2352"}],"wp:attachment":[{"href":"https:\/\/ayvazotel.com\/index.php\/wp-json\/wp\/v2\/media?parent=3"}],"curies":[{"name":"wp","href":"https:\/\/api.w.org\/{rel}","templated":true}]}}